{"id":491,"date":"2022-07-01T16:54:26","date_gmt":"2022-07-01T21:54:26","guid":{"rendered":"https:\/\/megatex.net.co\/blog\/"},"modified":"2022-10-17T23:24:17","modified_gmt":"2022-10-18T04:24:17","slug":"blog","status":"publish","type":"page","link":"https:\/\/megatex.net.co\/en\/blog\/","title":{"rendered":"Blog"},"content":{"rendered":"<section class=\"wpb-content-wrapper\"><p>[vc_section][vc_row equal_height=&#8221;yes&#8221; content_placement=&#8221;middle&#8221; css=&#8221;.vc_custom_1656714730123{margin-top: 0px !important;margin-right: 0px !important;margin-bottom: 0px !important;margin-left: 0px !important;padding-top: 0px !important;padding-right: 0px !important;padding-bottom: 0px !important;padding-left: 0px !important;background-color: #f9cba2 !important;}&#8221;][vc_column width=&#8221;1\/2&#8243;][vc_custom_heading text=&#8221;BLOG&#8221; font_container=&#8221;tag:h2|text_align:center|color:%23263283&#8243; use_theme_fonts=&#8221;yes&#8221; el_class=&#8221;title-header&#8221;][\/vc_column][vc_column width=&#8221;1\/2&#8243; css=&#8221;.vc_custom_1656714695323{margin-right: 0px !important;margin-left: 0px !important;padding-top: 0px !important;padding-right: 0px !important;padding-bottom: 0px !important;padding-left: 0px !important;}&#8221;][vc_single_image image=&#8221;368&#8243; img_size=&#8221;full&#8221; css=&#8221;.vc_custom_1660329098704{margin-right: 0px !important;margin-bottom: 0px !important;margin-left: 0px !important;padding-right: 0px !important;padding-left: 0px !important;}&#8221;][\/vc_column][\/vc_row][\/vc_section][vc_section css=&#8221;.vc_custom_1656715107348{padding-top: 4rem !important;padding-right: 4rem !important;padding-bottom: 4rem !important;padding-left: 4rem !important;}&#8221;][vc_row equal_height=&#8221;yes&#8221; content_placement=&#8221;middle&#8221; css=&#8221;.vc_custom_1656715259832{border-bottom-width: 1px !important;border-bottom-color: #b6b6b6 !important;border-bottom-style: solid !important;}&#8221;][vc_column width=&#8221;1\/4&#8243;][\/vc_column][vc_column width=&#8221;1\/2&#8243; css=&#8221;.vc_custom_1656715289195{padding-top: 0px !important;}&#8221;][vc_column_text]<\/p>\n<p style=\"text-align: center;\">In this section you will find ideas and information about everything related to the Jeanswear universe, such as, new technologies, trends, color palettes, references and others.<\/p>\n<p>[\/vc_column_text][\/vc_column][vc_column width=&#8221;1\/4&#8243;][\/vc_column][\/vc_row][\/vc_section][vc_section css=&#8221;.vc_custom_1656715107348{padding-top: 4rem !important;padding-right: 4rem !important;padding-bottom: 4rem !important;padding-left: 4rem !important;}&#8221;][vc_row gap=&#8221;30&#8243; equal_height=&#8221;yes&#8221; content_placement=&#8221;middle&#8221; css_animation=&#8221;fadeInUp&#8221;][vc_column width=&#8221;5\/12&#8243;][vc_single_image image=&#8221;398&#8243; img_size=&#8221;full&#8221; alignment=&#8221;center&#8221; css_animation=&#8221;none&#8221;][\/vc_column][vc_column width=&#8221;7\/12&#8243; css=&#8221;.vc_custom_1656715289195{padding-top: 0px !important;}&#8221;][vc_custom_heading text=&#8221;\u00bfQu\u00e9 es jeanswear?&#8221; font_container=&#8221;tag:h2|font_size:3.8rem|text_align:left|color:%230a0a0a&#8221; google_fonts=&#8221;font_family:Roboto%20Condensed%3A300%2C300italic%2Cregular%2Citalic%2C700%2C700italic|font_style:700%20bold%20italic%3A700%3Aitalic&#8221; css=&#8221;.vc_custom_1666028448332{margin-bottom: 1rem !important;}&#8221;][vc_column_text el_class=&#8221;text-justify&#8221;]<strong>Art\u00edculo original por Fashion Radicals<\/strong>[\/vc_column_text][vc_column_text el_class=&#8221;text-justify&#8221;]Jeanswear es un universo de vestuario donde prevalecen las prendas en denim y\/ o tejidos en algod\u00f3n que permiten lavander\u00eda y desgastes. Sin embargo, cuando hablamos de jeanswear nos imaginamos todo un ropero en azul \u00edndigo, pero hay denim azul \/blue denim, negro\/ black denim, blanco\/white denim o gris\/ gray denim.<br \/>\n<a href=\"http:\/\/www.fashionradicals.com\/que-es-jeanswear\/\" target=\"_blank\" rel=\"noopener\"><strong>[Ir a la fuente del art\u00edculo]<\/strong><\/a>[\/vc_column_text][\/vc_column][\/vc_row][vc_row gap=&#8221;30&#8243; equal_height=&#8221;yes&#8221; content_placement=&#8221;middle&#8221; css_animation=&#8221;fadeInUp&#8221;][vc_column width=&#8221;5\/12&#8243;][vc_single_image image=&#8221;399&#8243; img_size=&#8221;full&#8221; alignment=&#8221;center&#8221; css_animation=&#8221;none&#8221;][\/vc_column][vc_column width=&#8221;7\/12&#8243; css=&#8221;.vc_custom_1656715289195{padding-top: 0px !important;}&#8221;][vc_custom_heading text=&#8221;Lavados del Denim&#8221; font_container=&#8221;tag:h2|font_size:3.8rem|text_align:left|color:%230a0a0a&#8221; google_fonts=&#8221;font_family:Roboto%20Condensed%3A300%2C300italic%2Cregular%2Citalic%2C700%2C700italic|font_style:700%20bold%20italic%3A700%3Aitalic&#8221; css=&#8221;.vc_custom_1666028459465{margin-bottom: 1rem !important;}&#8221;][vc_column_text el_class=&#8221;text-justify&#8221;]<strong>Art\u00edculo original por Coats<\/strong>[\/vc_column_text][vc_column_text el_class=&#8221;text-justify&#8221;]Desde el inicio de los &#8220;pantalones vaqueros&#8221; en 1870 como ropa de trabajo para mineros y vaqueros, esta ic\u00f3nica prenda ha evolucionado para volverse un elemento popular de vestimenta casual a trav\u00e9s del mundo actual. Viniendo en diferentes cortes para encajar en diferentes gustos y modas, una parte importante de su vestimenta es la apariencia afligida, visiblemente vieja y usada, pero a\u00fan intacta y funcional.<br \/>\n<a href=\"https:\/\/coats.com\/es\/information-hub\/Denim-Wash\" target=\"_blank\" rel=\"noopener\"><strong>[Ir a la fuente del art\u00edculo]<\/strong><\/a>[\/vc_column_text][\/vc_column][\/vc_row][vc_row gap=&#8221;30&#8243; equal_height=&#8221;yes&#8221; content_placement=&#8221;middle&#8221; css_animation=&#8221;fadeInUp&#8221;][vc_column width=&#8221;5\/12&#8243;][vc_single_image image=&#8221;400&#8243; img_size=&#8221;full&#8221; alignment=&#8221;center&#8221; css_animation=&#8221;none&#8221;][\/vc_column][vc_column width=&#8221;7\/12&#8243; css=&#8221;.vc_custom_1656715289195{padding-top: 0px !important;}&#8221;][vc_custom_heading text=&#8221;Reingenier\u00eda de Producto&#8221; font_container=&#8221;tag:h2|font_size:3.8rem|text_align:left|color:%230a0a0a&#8221; google_fonts=&#8221;font_family:Roboto%20Condensed%3A300%2C300italic%2Cregular%2Citalic%2C700%2C700italic|font_style:700%20bold%20italic%3A700%3Aitalic&#8221; css=&#8221;.vc_custom_1666028469069{margin-bottom: 1rem !important;}&#8221;][vc_column_text el_class=&#8221;text-justify&#8221;]<strong>Art\u00edculo original por Jeanologia<\/strong>[\/vc_column_text][vc_column_text el_class=&#8221;text-justify&#8221;]La pasi\u00f3n por el producto nos lleva a una b\u00fasqueda constante. Nuestra<br \/>\ncuriosidad abarca desde el tejido hasta el acabado final. Encontrar procesos inteligentes, m\u00e1s avanzados y redise\u00f1ar el producto para que el dise\u00f1o y la producci\u00f3n sean m\u00e1s sostenibles y eficientes es nuestra gu\u00eda.<br \/>\n<a href=\"https:\/\/www.jeanologia.com\/es\/brainbox\/\" target=\"_blank\" rel=\"noopener\"><strong>[Ir a la fuente del art\u00edculo]<\/strong><\/a>[\/vc_column_text][\/vc_column][\/vc_row][vc_row gap=&#8221;30&#8243; equal_height=&#8221;yes&#8221; content_placement=&#8221;middle&#8221; css_animation=&#8221;fadeInUp&#8221;][vc_column width=&#8221;5\/12&#8243;][vc_single_image image=&#8221;401&#8243; img_size=&#8221;full&#8221; alignment=&#8221;center&#8221; css_animation=&#8221;none&#8221;][\/vc_column][vc_column width=&#8221;7\/12&#8243; css=&#8221;.vc_custom_1656715289195{padding-top: 0px !important;}&#8221;][vc_custom_heading text=&#8221;Foro Tendencias INEXMODA&#8221; font_container=&#8221;tag:h2|font_size:3.8rem|text_align:left|color:%230a0a0a&#8221; google_fonts=&#8221;font_family:Roboto%20Condensed%3A300%2C300italic%2Cregular%2Citalic%2C700%2C700italic|font_style:700%20bold%20italic%3A700%3Aitalic&#8221; css=&#8221;.vc_custom_1666028478557{margin-bottom: 1rem !important;}&#8221;][vc_column_text el_class=&#8221;text-justify&#8221;]<strong>Art\u00edculo original por Inexmoda<\/strong>[\/vc_column_text][vc_column_text el_class=&#8221;text-justify&#8221;]El Foro de T endencias regresa como el espacio donde encontrar\u00e1s<br \/>\ninformaci\u00f3n sobre tendencias en producto terminado, bases textiles e insumos.<br \/>\nEn esta edici\u00f3n de las ferias tendremos cuatro tem\u00e1ticas de est\u00e9ticas de dise\u00f1o: Reciprocidad, Esperanza, Refugio, Armon\u00eda.<br \/>\n<a href=\"https:\/\/ferias.inexmoda.org.co\/foro-de-tendencias\/\" target=\"_blank\" rel=\"noopener\"><strong>[Ir a la fuente del art\u00edculo]<\/strong><\/a>[\/vc_column_text][\/vc_column][\/vc_row][\/vc_section]<\/p>\n<\/section>","protected":false},"excerpt":{"rendered":"<p>[vc_section][vc_row equal_height=&#8221;yes&#8221; content_placement=&#8221;middle&#8221; css=&#8221;.vc_custom_1656714730123{margin-top: 0px !important;margin-right: 0px !important;margin-bottom: 0px !important;margin-left: 0px !important;padding-top: 0px !important;padding-right: 0px !important;padding-bottom: 0px !important;padding-left: 0px !important;background-color: #f9cba2 !important;}&#8221;][vc_column width=&#8221;1\/2&#8243;][vc_custom_heading text=&#8221;BLOG&#8221; font_container=&#8221;tag:h2|text_align:center|color:%23263283&#8243; use_theme_fonts=&#8221;yes&#8221; el_class=&#8221;title-header&#8221;][\/vc_column][vc_column width=&#8221;1\/2&#8243; css=&#8221;.vc_custom_1656714695323{margin-right: 0px !important;margin-left: 0px !important;padding-top: 0px !important;padding-right: 0px !important;padding-bottom: 0px !important;padding-left: 0px !important;}&#8221;][vc_single_image image=&#8221;368&#8243; img_size=&#8221;full&#8221; css=&#8221;.vc_custom_1660329098704{margin-right: 0px !important;margin-bottom: 0px !important;margin-left: 0px !important;padding-right: 0px !important;padding-left: 0px !important;}&#8221;][\/vc_column][\/vc_row][\/vc_section][vc_section css=&#8221;.vc_custom_1656715107348{padding-top: [&hellip;]<\/p>\n","protected":false},"author":1,"featured_media":0,"parent":0,"menu_order":0,"comment_status":"closed","ping_status":"closed","template":"","meta":{"footnotes":""},"class_list":["post-491","page","type-page","status-publish","hentry"],"_links":{"self":[{"href":"https:\/\/megatex.net.co\/en\/wp-json\/wp\/v2\/pages\/491","targetHints":{"allow":["GET"]}}],"collection":[{"href":"https:\/\/megatex.net.co\/en\/wp-json\/wp\/v2\/pages"}],"about":[{"href":"https:\/\/megatex.net.co\/en\/wp-json\/wp\/v2\/types\/page"}],"author":[{"embeddable":true,"href":"https:\/\/megatex.net.co\/en\/wp-json\/wp\/v2\/users\/1"}],"replies":[{"embeddable":true,"href":"https:\/\/megatex.net.co\/en\/wp-json\/wp\/v2\/comments?post=491"}],"version-history":[{"count":2,"href":"https:\/\/megatex.net.co\/en\/wp-json\/wp\/v2\/pages\/491\/revisions"}],"predecessor-version":[{"id":493,"href":"https:\/\/megatex.net.co\/en\/wp-json\/wp\/v2\/pages\/491\/revisions\/493"}],"wp:attachment":[{"href":"https:\/\/megatex.net.co\/en\/wp-json\/wp\/v2\/media?parent=491"}],"curies":[{"name":"wp","href":"https:\/\/api.w.org\/{rel}","templated":true}]}}